{"id":4,"date":"2016-02-12T07:54:41","date_gmt":"2016-02-12T07:54:41","guid":{"rendered":"http:\/\/demos.famethemes.com\/onepress\/?page_id=4"},"modified":"2020-03-26T19:05:45","modified_gmt":"2020-03-26T18:05:45","slug":"home","status":"publish","type":"page","link":"https:\/\/codeberrysolutions.com\/es\/","title":{"rendered":"Inicio"},"content":{"rendered":"","protected":false},"excerpt":{"rendered":"<p>Tu aplicaci\u00f3n no es un elemento aislado del negocio, es una piedra angular que debe integrarse de manera hol\u00edstica. Para lograr este objetivo, CodeBerry Solutions se adhiere a dos principios fundamentales: Total Comprensi\u00f3n y M\u00e1ximo Rendimiento, lo que nos ayuda a superar tus expectativas.<\/p>\n","protected":false},"author":3,"featured_media":0,"parent":0,"menu_order":0,"comment_status":"closed","ping_status":"closed","template":"template-frontpage.php","meta":{"content-type":"","_monsterinsights_skip_tracking":false,"_monsterinsights_sitenote_active":false,"_monsterinsights_sitenote_note":"","_monsterinsights_sitenote_category":0,"footnotes":""},"class_list":["post-4","page","type-page","status-publish","hentry"],"aioseo_notices":[],"_links":{"self":[{"href":"https:\/\/codeberrysolutions.com\/es\/wp-json\/wp\/v2\/pages\/4","targetHints":{"allow":["GET"]}}],"collection":[{"href":"https:\/\/codeberrysolutions.com\/es\/wp-json\/wp\/v2\/pages"}],"about":[{"href":"https:\/\/codeberrysolutions.com\/es\/wp-json\/wp\/v2\/types\/page"}],"author":[{"embeddable":true,"href":"https:\/\/codeberrysolutions.com\/es\/wp-json\/wp\/v2\/users\/3"}],"replies":[{"embeddable":true,"href":"https:\/\/codeberrysolutions.com\/es\/wp-json\/wp\/v2\/comments?post=4"}],"version-history":[{"count":7,"href":"https:\/\/codeberrysolutions.com\/es\/wp-json\/wp\/v2\/pages\/4\/revisions"}],"predecessor-version":[{"id":2805,"href":"https:\/\/codeberrysolutions.com\/es\/wp-json\/wp\/v2\/pages\/4\/revisions\/2805"}],"wp:attachment":[{"href":"https:\/\/codeberrysolutions.com\/es\/wp-json\/wp\/v2\/media?parent=4"}],"curies":[{"name":"wp","href":"https:\/\/api.w.org\/{rel}","templated":true}]}}